{"id":24869,"date":"2022-10-16T16:36:54","date_gmt":"2022-10-16T16:36:54","guid":{"rendered":"https:\/\/idepprivados.com\/?page_id=24869"},"modified":"2025-06-06T23:58:16","modified_gmt":"2025-06-06T23:58:16","slug":"plan-sabado","status":"publish","type":"page","link":"https:\/\/idepprivados.com\/index.php\/plan-sabado\/","title":{"rendered":"Plan S\u00e1bado"},"content":{"rendered":"\t\t<div data-elementor-type=\"wp-page\" data-elementor-id=\"24869\" class=\"elementor elementor-24869\" data-elementor-settings=\"{&quot;ha_cmc_init_switcher&quot;:&quot;no&quot;}\">\n\t\t\t\t\t\t<section class=\"elementor-section elementor-top-section elementor-element elementor-element-2e69d84 elementor-section-content-top elementor-section-boxed elementor-section-height-default elementor-section-height-default\" data-id=\"2e69d84\" data-element_type=\"section\" data-settings=\"{&quot;background_background&quot;:&quot;classic&quot;}\">\n\t\t\t\t\t\t<div class=\"elementor-container elementor-column-gap-default\">\n\t\t\t\t\t<div class=\"elementor-column elementor-col-50 elementor-top-column elementor-element elementor-element-2f0e752\" data-id=\"2f0e752\" data-element_type=\"column\">\n\t\t\t<div class=\"elementor-widget-wrap elementor-element-populated\">\n\t\t\t\t\t\t<div class=\"elementor-element elementor-element-480c789 elementor-widget elementor-widget-heading\" data-id=\"480c789\" data-element_type=\"widget\" data-widget_type=\"heading.default\">\n\t\t\t\t<div class=\"elementor-widget-container\">\n\t\t\t\t\t<h2 class=\"elementor-heading-title elementor-size-default\">Plan S\u00e1bado Presencial<\/h2>\t\t\t\t<\/div>\n\t\t\t\t<\/div>\n\t\t\t\t<div class=\"elementor-element elementor-element-46887a4 elementor-widget elementor-widget-text-editor\" data-id=\"46887a4\" data-element_type=\"widget\" data-widget_type=\"text-editor.default\">\n\t\t\t\t<div class=\"elementor-widget-container\">\n\t\t\t\t\t\t\t\t\t<p><strong>\u00c1reas de estudio y an\u00e1lisis<\/strong><\/p><p>-Derecho Laboral<br \/>-Derecho Penal<br \/>-Derecho Administrativo<br \/>-Derecho Constitucional<br \/>-Teor\u00eda y Pr\u00e1ctica<\/p>\t\t\t\t\t\t\t\t<\/div>\n\t\t\t\t<\/div>\n\t\t\t\t<div class=\"elementor-element elementor-element-b43ebb7 elementor-align-center elementor-mobile-align-center elementor-widget elementor-widget-button\" data-id=\"b43ebb7\" data-element_type=\"widget\" data-settings=\"{&quot;ha_floating_fx&quot;:&quot;yes&quot;,&quot;ha_floating_fx_scale_toggle&quot;:&quot;yes&quot;,&quot;ha_floating_fx_scale_x&quot;:{&quot;unit&quot;:&quot;px&quot;,&quot;size&quot;:&quot;&quot;,&quot;sizes&quot;:{&quot;from&quot;:1,&quot;to&quot;:1.2}},&quot;ha_floating_fx_scale_y&quot;:{&quot;unit&quot;:&quot;px&quot;,&quot;size&quot;:&quot;&quot;,&quot;sizes&quot;:{&quot;from&quot;:1,&quot;to&quot;:1.2}},&quot;ha_floating_fx_scale_duration&quot;:{&quot;unit&quot;:&quot;px&quot;,&quot;size&quot;:1000,&quot;sizes&quot;:[]},&quot;ha_floating_fx_scale_delay&quot;:{&quot;unit&quot;:&quot;px&quot;,&quot;size&quot;:&quot;&quot;,&quot;sizes&quot;:[]}}\" data-widget_type=\"button.default\">\n\t\t\t\t<div class=\"elementor-widget-container\">\n\t\t\t\t\t\t\t\t\t<div class=\"elementor-button-wrapper\">\n\t\t\t\t\t<a class=\"elementor-button elementor-button-link elementor-size-lg elementor-animation-grow\" href=\"https:\/\/api.whatsapp.com\/send?phone=50254131333\">\n\t\t\t\t\t\t<span class=\"elementor-button-content-wrapper\">\n\t\t\t\t\t\t\t\t\t<span class=\"elementor-button-text\">\u00a1Inscribete ahora!<\/span>\n\t\t\t\t\t<\/span>\n\t\t\t\t\t<\/a>\n\t\t\t\t<\/div>\n\t\t\t\t\t\t\t\t<\/div>\n\t\t\t\t<\/div>\n\t\t\t\t\t<\/div>\n\t\t<\/div>\n\t\t\t\t<div class=\"elementor-column elementor-col-50 elementor-top-column elementor-element elementor-element-2a1e05b\" data-id=\"2a1e05b\" data-element_type=\"column\">\n\t\t\t<div class=\"elementor-widget-wrap elementor-element-populated\">\n\t\t\t\t\t\t<div class=\"elementor-element elementor-element-6b838a6 elementor-widget elementor-widget-text-editor\" data-id=\"6b838a6\" data-element_type=\"widget\" data-widget_type=\"text-editor.default\">\n\t\t\t\t<div class=\"elementor-widget-container\">\n\t\t\t\t\t\t\t\t\t<p>Clases 100% pr\u00e1cticas \u2705\ufe0f<\/p><p>Simulacro del examen t\u00e9cnico profesional<\/p><p>*Respuesta a dudas ilimitadas<\/p><p>*Clases extraordinarias y repaso.<\/p>\t\t\t\t\t\t\t\t<\/div>\n\t\t\t\t<\/div>\n\t\t\t\t<div class=\"elementor-element elementor-element-7330b8d elementor-widget elementor-widget-text-editor\" data-id=\"7330b8d\" data-element_type=\"widget\" data-widget_type=\"text-editor.default\">\n\t\t\t\t<div class=\"elementor-widget-container\">\n\t\t\t\t\t\t\t\t\t<p>Incluye material de estudio: gu\u00edas, cuestionarios y presentaciones.<\/p>\t\t\t\t\t\t\t\t<\/div>\n\t\t\t\t<\/div>\n\t\t\t\t\t<\/div>\n\t\t<\/div>\n\t\t\t\t\t<\/div>\n\t\t<\/section>\n\t\t\t\t<section class=\"elementor-section elementor-top-section elementor-element elementor-element-915e91d elementor-section-content-top elementor-section-boxed elementor-section-height-default elementor-section-height-default\" data-id=\"915e91d\" data-element_type=\"section\" data-settings=\"{&quot;background_background&quot;:&quot;classic&quot;,&quot;_ha_eqh_enable&quot;:false}\">\n\t\t\t\t\t\t<div class=\"elementor-container elementor-column-gap-default\">\n\t\t\t\t\t<div class=\"elementor-column elementor-col-33 elementor-top-column elementor-element elementor-element-35c8145\" data-id=\"35c8145\" data-element_type=\"column\">\n\t\t\t<div class=\"elementor-widget-wrap elementor-element-populated\">\n\t\t\t\t\t\t<div class=\"elementor-element elementor-element-6f6d179 elementor-position-top elementor-widget elementor-widget-image-box\" data-id=\"6f6d179\" data-element_type=\"widget\" data-widget_type=\"image-box.default\">\n\t\t\t\t<div class=\"elementor-widget-container\">\n\t\t\t\t\t<div class=\"elementor-image-box-wrapper\"><figure class=\"elementor-image-box-img\"><img fetchpriority=\"high\" decoding=\"async\" width=\"1080\" height=\"1080\" src=\"https:\/\/idepprivados.com\/wp-content\/uploads\/2023\/10\/3_optimized.png\" class=\"attachment-full size-full wp-image-27105\" alt=\"\" srcset=\"https:\/\/idepprivados.com\/wp-content\/uploads\/2023\/10\/3_optimized.png 1080w, https:\/\/idepprivados.com\/wp-content\/uploads\/2023\/10\/3_optimized-300x300.png 300w, https:\/\/idepprivados.com\/wp-content\/uploads\/2023\/10\/3_optimized-1024x1024.png 1024w, https:\/\/idepprivados.com\/wp-content\/uploads\/2023\/10\/3_optimized-150x150.png 150w, https:\/\/idepprivados.com\/wp-content\/uploads\/2023\/10\/3_optimized-768x768.png 768w, https:\/\/idepprivados.com\/wp-content\/uploads\/2023\/10\/3_optimized-600x600.png 600w, https:\/\/idepprivados.com\/wp-content\/uploads\/2023\/10\/3_optimized-100x100.png 100w\" sizes=\"(max-width: 1080px) 100vw, 1080px\" \/><\/figure><div class=\"elementor-image-box-content\"><h3 class=\"elementor-image-box-title\">CURSO NORMAL<\/h3><p class=\"elementor-image-box-description\">- Plan s\u00e1bado presencial \ud83e\uddd1\ud83c\udffb\u200d\ud83c\udfeb<br>\nDuraci\u00f3n: 6 MESES<br>\nHORARIOS:\nModalidad presencial \ud83e\uddd1\ud83c\udffb\u200d\ud83c\udfeb\nS\u00e1bados, hora: 08:00 a 16:00 hrs<\/p><\/div><\/div>\t\t\t\t<\/div>\n\t\t\t\t<\/div>\n\t\t\t\t\t<\/div>\n\t\t<\/div>\n\t\t\t\t<div class=\"elementor-column elementor-col-33 elementor-top-column elementor-element elementor-element-dde2930\" data-id=\"dde2930\" data-element_type=\"column\">\n\t\t\t<div class=\"elementor-widget-wrap elementor-element-populated\">\n\t\t\t\t\t\t<div class=\"elementor-element elementor-element-a5b6882 elementor-position-top elementor-widget elementor-widget-image-box\" data-id=\"a5b6882\" data-element_type=\"widget\" data-widget_type=\"image-box.default\">\n\t\t\t\t<div class=\"elementor-widget-container\">\n\t\t\t\t\t<div class=\"elementor-image-box-wrapper\"><figure class=\"elementor-image-box-img\"><img decoding=\"async\" width=\"1080\" height=\"1080\" src=\"https:\/\/idepprivados.com\/wp-content\/uploads\/2023\/10\/2_optimized.png\" class=\"attachment-full size-full wp-image-27104\" alt=\"\" srcset=\"https:\/\/idepprivados.com\/wp-content\/uploads\/2023\/10\/2_optimized.png 1080w, https:\/\/idepprivados.com\/wp-content\/uploads\/2023\/10\/2_optimized-300x300.png 300w, https:\/\/idepprivados.com\/wp-content\/uploads\/2023\/10\/2_optimized-1024x1024.png 1024w, https:\/\/idepprivados.com\/wp-content\/uploads\/2023\/10\/2_optimized-150x150.png 150w, https:\/\/idepprivados.com\/wp-content\/uploads\/2023\/10\/2_optimized-768x768.png 768w, https:\/\/idepprivados.com\/wp-content\/uploads\/2023\/10\/2_optimized-600x600.png 600w, https:\/\/idepprivados.com\/wp-content\/uploads\/2023\/10\/2_optimized-100x100.png 100w\" sizes=\"(max-width: 1080px) 100vw, 1080px\" \/><\/figure><div class=\"elementor-image-box-content\"><h3 class=\"elementor-image-box-title\">CURSO INTENSIVO<\/h3><p class=\"elementor-image-box-description\">- Plan s\u00e1bado presencial \ud83e\uddd1\ud83c\udffb\u200d\ud83c\udfeb<br>\nDuraci\u00f3n: 4 MESES<br>\nHORARIOS:\nModalidad presencial \ud83e\uddd1\ud83c\udffb\u200d\ud83c\udfeb\nS\u00e1bados, hora: 08:00 a 16:00 hrs<\/p><\/div><\/div>\t\t\t\t<\/div>\n\t\t\t\t<\/div>\n\t\t\t\t\t<\/div>\n\t\t<\/div>\n\t\t\t\t<div class=\"elementor-column elementor-col-33 elementor-top-column elementor-element elementor-element-3936168\" data-id=\"3936168\" data-element_type=\"column\">\n\t\t\t<div class=\"elementor-widget-wrap elementor-element-populated\">\n\t\t\t\t\t\t<div class=\"elementor-element elementor-element-e4ef4ef elementor-position-top elementor-widget elementor-widget-image-box\" data-id=\"e4ef4ef\" data-element_type=\"widget\" data-widget_type=\"image-box.default\">\n\t\t\t\t<div class=\"elementor-widget-container\">\n\t\t\t\t\t<div class=\"elementor-image-box-wrapper\"><figure class=\"elementor-image-box-img\"><img decoding=\"async\" width=\"1080\" height=\"1080\" src=\"https:\/\/idepprivados.com\/wp-content\/uploads\/2023\/10\/1_optimized.png\" class=\"attachment-full size-full wp-image-27103\" alt=\"\" srcset=\"https:\/\/idepprivados.com\/wp-content\/uploads\/2023\/10\/1_optimized.png 1080w, https:\/\/idepprivados.com\/wp-content\/uploads\/2023\/10\/1_optimized-300x300.png 300w, https:\/\/idepprivados.com\/wp-content\/uploads\/2023\/10\/1_optimized-1024x1024.png 1024w, https:\/\/idepprivados.com\/wp-content\/uploads\/2023\/10\/1_optimized-150x150.png 150w, https:\/\/idepprivados.com\/wp-content\/uploads\/2023\/10\/1_optimized-768x768.png 768w, https:\/\/idepprivados.com\/wp-content\/uploads\/2023\/10\/1_optimized-600x600.png 600w, https:\/\/idepprivados.com\/wp-content\/uploads\/2023\/10\/1_optimized-100x100.png 100w\" sizes=\"(max-width: 1080px) 100vw, 1080px\" \/><\/figure><div class=\"elementor-image-box-content\"><h3 class=\"elementor-image-box-title\">CURSO REPASO<\/h3><p class=\"elementor-image-box-description\">- Plan s\u00e1bado presencial \ud83e\uddd1\ud83c\udffb\u200d\ud83c\udfeb<br>\nDuraci\u00f3n: 2 MESES<br>\nHORARIOS\nModalidad presencial \ud83e\uddd1\ud83c\udffb\u200d\ud83c\udfeb\nS\u00e1bados, hora: 08:00 a 16:00 hrs<\/p><\/div><\/div>\t\t\t\t<\/div>\n\t\t\t\t<\/div>\n\t\t\t\t\t<\/div>\n\t\t<\/div>\n\t\t\t\t\t<\/div>\n\t\t<\/section>\n\t\t\t\t<section class=\"elementor-section elementor-top-section elementor-element elementor-element-f4919fd elementor-section-content-top elementor-section-boxed elementor-section-height-default elementor-section-height-default\" data-id=\"f4919fd\" data-element_type=\"section\" data-settings=\"{&quot;background_background&quot;:&quot;classic&quot;,&quot;_ha_eqh_enable&quot;:false}\">\n\t\t\t\t\t\t<div class=\"elementor-container elementor-column-gap-default\">\n\t\t\t\t\t<div class=\"elementor-column elementor-col-100 elementor-top-column elementor-element elementor-element-4d0719c\" data-id=\"4d0719c\" data-element_type=\"column\">\n\t\t\t<div class=\"elementor-widget-wrap elementor-element-populated\">\n\t\t\t\t\t\t<div class=\"elementor-element elementor-element-ab4266d elementor-widget elementor-widget-text-editor\" data-id=\"ab4266d\" data-element_type=\"widget\" data-widget_type=\"text-editor.default\">\n\t\t\t\t<div class=\"elementor-widget-container\">\n\t\t\t\t\t\t\t\t\t1.338 lecturas\t\t\t\t\t\t\t\t<\/div>\n\t\t\t\t<\/div>\n\t\t\t\t\t<\/div>\n\t\t<\/div>\n\t\t\t\t\t<\/div>\n\t\t<\/section>\n\t\t\t\t<\/div>\n\t\t","protected":false},"excerpt":{"rendered":"<p>Plan S\u00e1bado Presencial \u00c1reas de estudio y an\u00e1lisis -Derecho Laboral-Derecho Penal-Derecho Administrativo-Derecho Constitucional-Teor\u00eda y Pr\u00e1ctica \u00a1Inscribete ahora! Clases 100% pr\u00e1cticas \u2705\ufe0f Simulacro del examen t\u00e9cnico profesional *Respuesta a dudas ilimitadas *Clases extraordinarias y repaso. Incluye material de estudio: gu\u00edas, cuestionarios y presentaciones. CURSO NORMAL &#8211; Plan s\u00e1bado presencial \ud83e\uddd1\ud83c\udffb\u200d\ud83c\udfeb Duraci\u00f3n: 6 MESES HORARIOS: Modalidad presencial [&hellip;]<\/p>\n","protected":false},"author":1,"featured_media":0,"parent":0,"menu_order":0,"comment_status":"closed","ping_status":"closed","template":"","meta":{"_eb_attr":"","site-sidebar-layout":"no-sidebar","site-content-layout":"page-builder","ast-site-content-layout":"","site-content-style":"default","site-sidebar-style":"default","ast-global-header-display":"","ast-banner-title-visibility":"","ast-main-header-display":"","ast-hfb-above-header-display":"","ast-hfb-below-header-display":"","ast-hfb-mobile-header-display":"","site-post-title":"disabled","ast-breadcrumbs-content":"","ast-featured-img":"disabled","footer-sml-layout":"","theme-transparent-header-meta":"","adv-header-id-meta":"","stick-header-meta":"","header-above-stick-meta":"","header-main-stick-meta":"","header-below-stick-meta":"","astra-migrate-meta-layouts":"default","ast-page-background-enabled":"default","ast-page-background-meta":{"desktop":{"background-color":"","background-image":"","background-repeat":"repeat","background-position":"center center","background-size":"auto","background-attachment":"scroll","background-type":"","background-media":"","overlay-type":"","overlay-color":"","overlay-opacity":"","overlay-gradient":""},"tablet":{"background-color":"","background-image":"","background-repeat":"repeat","background-position":"center center","background-size":"auto","background-attachment":"scroll","background-type":"","background-media":"","overlay-type":"","overlay-color":"","overlay-opacity":"","overlay-gradient":""},"mobile":{"background-color":"","background-image":"","background-repeat":"repeat","background-position":"center center","background-size":"auto","background-attachment":"scroll","background-type":"","background-media":"","overlay-type":"","overlay-color":"","overlay-opacity":"","overlay-gradient":""}},"ast-content-background-meta":{"desktop":{"background-color":"var(--ast-global-color-5)","background-image":"","background-repeat":"repeat","background-position":"center center","background-size":"auto","background-attachment":"scroll","background-type":"","background-media":"","overlay-type":"","overlay-color":"","overlay-opacity":"","overlay-gradient":""},"tablet":{"background-color":"var(--ast-global-color-5)","background-image":"","background-repeat":"repeat","background-position":"center center","background-size":"auto","background-attachment":"scroll","background-type":"","background-media":"","overlay-type":"","overlay-color":"","overlay-opacity":"","overlay-gradient":""},"mobile":{"background-color":"var(--ast-global-color-5)","background-image":"","background-repeat":"repeat","background-position":"center center","background-size":"auto","background-attachment":"scroll","background-type":"","background-media":"","overlay-type":"","overlay-color":"","overlay-opacity":"","overlay-gradient":""}},"_joinchat":[],"footnotes":""},"class_list":["post-24869","page","type-page","status-publish","hentry"],"yoast_head":"<!-- This site is optimized with the Yoast SEO plugin v25.2 - https:\/\/yoast.com\/wordpress\/plugins\/seo\/ -->\n<title>Plan S\u00e1bado &#8211; IDEP - Instituto de Preparaci\u00f3n de Privados<\/title>\n<meta name=\"robots\" content=\"index, follow, max-snippet:-1, max-image-preview:large, max-video-preview:-1\" \/>\n<link rel=\"canonical\" href=\"https:\/\/idepprivados.com\/index.php\/plan-sabado\/\" \/>\n<meta property=\"og:locale\" content=\"es_ES\" \/>\n<meta property=\"og:type\" content=\"article\" \/>\n<meta property=\"og:title\" content=\"Plan S\u00e1bado &#8211; IDEP - Instituto de Preparaci\u00f3n de Privados\" \/>\n<meta property=\"og:description\" content=\"Plan S\u00e1bado Presencial \u00c1reas de estudio y an\u00e1lisis -Derecho Laboral-Derecho Penal-Derecho Administrativo-Derecho Constitucional-Teor\u00eda y Pr\u00e1ctica \u00a1Inscribete ahora! Clases 100% pr\u00e1cticas \u2705\ufe0f Simulacro del examen t\u00e9cnico profesional *Respuesta a dudas ilimitadas *Clases extraordinarias y repaso. Incluye material de estudio: gu\u00edas, cuestionarios y presentaciones. CURSO NORMAL &#8211; Plan s\u00e1bado presencial \ud83e\uddd1\ud83c\udffb\u200d\ud83c\udfeb Duraci\u00f3n: 6 MESES HORARIOS: Modalidad presencial [&hellip;]\" \/>\n<meta property=\"og:url\" content=\"https:\/\/idepprivados.com\/index.php\/plan-sabado\/\" \/>\n<meta property=\"og:site_name\" content=\"IDEP - Instituto de Preparaci\u00f3n de Privados\" \/>\n<meta property=\"article:publisher\" content=\"https:\/\/www.facebook.com\/profile.php?id=100086724848823\" \/>\n<meta property=\"article:modified_time\" content=\"2025-06-06T23:58:16+00:00\" \/>\n<meta property=\"og:image\" content=\"https:\/\/idepprivados.com\/wp-content\/uploads\/2023\/10\/3_optimized.png\" \/>\n\t<meta property=\"og:image:width\" content=\"1080\" \/>\n\t<meta property=\"og:image:height\" content=\"1080\" \/>\n\t<meta property=\"og:image:type\" content=\"image\/png\" \/>\n<meta name=\"twitter:card\" content=\"summary_large_image\" \/>\n<script type=\"application\/ld+json\" class=\"yoast-schema-graph\">{\"@context\":\"https:\/\/schema.org\",\"@graph\":[{\"@type\":\"WebPage\",\"@id\":\"https:\/\/idepprivados.com\/index.php\/plan-sabado\/\",\"url\":\"https:\/\/idepprivados.com\/index.php\/plan-sabado\/\",\"name\":\"Plan S\u00e1bado &#8211; IDEP - Instituto de Preparaci\u00f3n de Privados\",\"isPartOf\":{\"@id\":\"https:\/\/idepprivados.com\/#website\"},\"primaryImageOfPage\":{\"@id\":\"https:\/\/idepprivados.com\/index.php\/plan-sabado\/#primaryimage\"},\"image\":{\"@id\":\"https:\/\/idepprivados.com\/index.php\/plan-sabado\/#primaryimage\"},\"thumbnailUrl\":\"https:\/\/idepprivados.com\/wp-content\/uploads\/2023\/10\/3_optimized.png\",\"datePublished\":\"2022-10-16T16:36:54+00:00\",\"dateModified\":\"2025-06-06T23:58:16+00:00\",\"breadcrumb\":{\"@id\":\"https:\/\/idepprivados.com\/index.php\/plan-sabado\/#breadcrumb\"},\"inLanguage\":\"es\",\"potentialAction\":[{\"@type\":\"ReadAction\",\"target\":[\"https:\/\/idepprivados.com\/index.php\/plan-sabado\/\"]}]},{\"@type\":\"ImageObject\",\"inLanguage\":\"es\",\"@id\":\"https:\/\/idepprivados.com\/index.php\/plan-sabado\/#primaryimage\",\"url\":\"https:\/\/idepprivados.com\/wp-content\/uploads\/2023\/10\/3_optimized.png\",\"contentUrl\":\"https:\/\/idepprivados.com\/wp-content\/uploads\/2023\/10\/3_optimized.png\",\"width\":1080,\"height\":1080},{\"@type\":\"BreadcrumbList\",\"@id\":\"https:\/\/idepprivados.com\/index.php\/plan-sabado\/#breadcrumb\",\"itemListElement\":[{\"@type\":\"ListItem\",\"position\":1,\"name\":\"Portada\",\"item\":\"https:\/\/idepprivados.com\/\"},{\"@type\":\"ListItem\",\"position\":2,\"name\":\"Plan S\u00e1bado\"}]},{\"@type\":\"WebSite\",\"@id\":\"https:\/\/idepprivados.com\/#website\",\"url\":\"https:\/\/idepprivados.com\/\",\"name\":\"IDEP - Instituto de Preparaci\u00f3n de Privados\",\"description\":\"Instituto de Preparaci\u00f3n de Privados\",\"publisher\":{\"@id\":\"https:\/\/idepprivados.com\/#organization\"},\"potentialAction\":[{\"@type\":\"SearchAction\",\"target\":{\"@type\":\"EntryPoint\",\"urlTemplate\":\"https:\/\/idepprivados.com\/?s={search_term_string}\"},\"query-input\":{\"@type\":\"PropertyValueSpecification\",\"valueRequired\":true,\"valueName\":\"search_term_string\"}}],\"inLanguage\":\"es\"},{\"@type\":\"Organization\",\"@id\":\"https:\/\/idepprivados.com\/#organization\",\"name\":\"IDEP - Instituto de Preparaci\u00f3n de Privados\",\"url\":\"https:\/\/idepprivados.com\/\",\"logo\":{\"@type\":\"ImageObject\",\"inLanguage\":\"es\",\"@id\":\"https:\/\/idepprivados.com\/#\/schema\/logo\/image\/\",\"url\":\"https:\/\/idepprivados.com\/wp-content\/uploads\/2022\/10\/idep-02-4.png\",\"contentUrl\":\"https:\/\/idepprivados.com\/wp-content\/uploads\/2022\/10\/idep-02-4.png\",\"width\":2182,\"height\":2250,\"caption\":\"IDEP - Instituto de Preparaci\u00f3n de Privados\"},\"image\":{\"@id\":\"https:\/\/idepprivados.com\/#\/schema\/logo\/image\/\"},\"sameAs\":[\"https:\/\/www.facebook.com\/profile.php?id=100086724848823\"]}]}<\/script>\n<!-- \/ Yoast SEO plugin. -->","yoast_head_json":{"title":"Plan S\u00e1bado &#8211; IDEP - Instituto de Preparaci\u00f3n de Privados","robots":{"index":"index","follow":"follow","max-snippet":"max-snippet:-1","max-image-preview":"max-image-preview:large","max-video-preview":"max-video-preview:-1"},"canonical":"https:\/\/idepprivados.com\/index.php\/plan-sabado\/","og_locale":"es_ES","og_type":"article","og_title":"Plan S\u00e1bado &#8211; IDEP - Instituto de Preparaci\u00f3n de Privados","og_description":"Plan S\u00e1bado Presencial \u00c1reas de estudio y an\u00e1lisis -Derecho Laboral-Derecho Penal-Derecho Administrativo-Derecho Constitucional-Teor\u00eda y Pr\u00e1ctica \u00a1Inscribete ahora! Clases 100% pr\u00e1cticas \u2705\ufe0f Simulacro del examen t\u00e9cnico profesional *Respuesta a dudas ilimitadas *Clases extraordinarias y repaso. Incluye material de estudio: gu\u00edas, cuestionarios y presentaciones. CURSO NORMAL &#8211; Plan s\u00e1bado presencial \ud83e\uddd1\ud83c\udffb\u200d\ud83c\udfeb Duraci\u00f3n: 6 MESES HORARIOS: Modalidad presencial [&hellip;]","og_url":"https:\/\/idepprivados.com\/index.php\/plan-sabado\/","og_site_name":"IDEP - Instituto de Preparaci\u00f3n de Privados","article_publisher":"https:\/\/www.facebook.com\/profile.php?id=100086724848823","article_modified_time":"2025-06-06T23:58:16+00:00","og_image":[{"width":1080,"height":1080,"url":"https:\/\/idepprivados.com\/wp-content\/uploads\/2023\/10\/3_optimized.png","type":"image\/png"}],"twitter_card":"summary_large_image","schema":{"@context":"https:\/\/schema.org","@graph":[{"@type":"WebPage","@id":"https:\/\/idepprivados.com\/index.php\/plan-sabado\/","url":"https:\/\/idepprivados.com\/index.php\/plan-sabado\/","name":"Plan S\u00e1bado &#8211; IDEP - Instituto de Preparaci\u00f3n de Privados","isPartOf":{"@id":"https:\/\/idepprivados.com\/#website"},"primaryImageOfPage":{"@id":"https:\/\/idepprivados.com\/index.php\/plan-sabado\/#primaryimage"},"image":{"@id":"https:\/\/idepprivados.com\/index.php\/plan-sabado\/#primaryimage"},"thumbnailUrl":"https:\/\/idepprivados.com\/wp-content\/uploads\/2023\/10\/3_optimized.png","datePublished":"2022-10-16T16:36:54+00:00","dateModified":"2025-06-06T23:58:16+00:00","breadcrumb":{"@id":"https:\/\/idepprivados.com\/index.php\/plan-sabado\/#breadcrumb"},"inLanguage":"es","potentialAction":[{"@type":"ReadAction","target":["https:\/\/idepprivados.com\/index.php\/plan-sabado\/"]}]},{"@type":"ImageObject","inLanguage":"es","@id":"https:\/\/idepprivados.com\/index.php\/plan-sabado\/#primaryimage","url":"https:\/\/idepprivados.com\/wp-content\/uploads\/2023\/10\/3_optimized.png","contentUrl":"https:\/\/idepprivados.com\/wp-content\/uploads\/2023\/10\/3_optimized.png","width":1080,"height":1080},{"@type":"BreadcrumbList","@id":"https:\/\/idepprivados.com\/index.php\/plan-sabado\/#breadcrumb","itemListElement":[{"@type":"ListItem","position":1,"name":"Portada","item":"https:\/\/idepprivados.com\/"},{"@type":"ListItem","position":2,"name":"Plan S\u00e1bado"}]},{"@type":"WebSite","@id":"https:\/\/idepprivados.com\/#website","url":"https:\/\/idepprivados.com\/","name":"IDEP - Instituto de Preparaci\u00f3n de Privados","description":"Instituto de Preparaci\u00f3n de Privados","publisher":{"@id":"https:\/\/idepprivados.com\/#organization"},"potentialAction":[{"@type":"SearchAction","target":{"@type":"EntryPoint","urlTemplate":"https:\/\/idepprivados.com\/?s={search_term_string}"},"query-input":{"@type":"PropertyValueSpecification","valueRequired":true,"valueName":"search_term_string"}}],"inLanguage":"es"},{"@type":"Organization","@id":"https:\/\/idepprivados.com\/#organization","name":"IDEP - Instituto de Preparaci\u00f3n de Privados","url":"https:\/\/idepprivados.com\/","logo":{"@type":"ImageObject","inLanguage":"es","@id":"https:\/\/idepprivados.com\/#\/schema\/logo\/image\/","url":"https:\/\/idepprivados.com\/wp-content\/uploads\/2022\/10\/idep-02-4.png","contentUrl":"https:\/\/idepprivados.com\/wp-content\/uploads\/2022\/10\/idep-02-4.png","width":2182,"height":2250,"caption":"IDEP - Instituto de Preparaci\u00f3n de Privados"},"image":{"@id":"https:\/\/idepprivados.com\/#\/schema\/logo\/image\/"},"sameAs":["https:\/\/www.facebook.com\/profile.php?id=100086724848823"]}]}},"_links":{"self":[{"href":"https:\/\/idepprivados.com\/index.php\/wp-json\/wp\/v2\/pages\/24869","targetHints":{"allow":["GET"]}}],"collection":[{"href":"https:\/\/idepprivados.com\/index.php\/wp-json\/wp\/v2\/pages"}],"about":[{"href":"https:\/\/idepprivados.com\/index.php\/wp-json\/wp\/v2\/types\/page"}],"author":[{"embeddable":true,"href":"https:\/\/idepprivados.com\/index.php\/wp-json\/wp\/v2\/users\/1"}],"replies":[{"embeddable":true,"href":"https:\/\/idepprivados.com\/index.php\/wp-json\/wp\/v2\/comments?post=24869"}],"version-history":[{"count":40,"href":"https:\/\/idepprivados.com\/index.php\/wp-json\/wp\/v2\/pages\/24869\/revisions"}],"predecessor-version":[{"id":28565,"href":"https:\/\/idepprivados.com\/index.php\/wp-json\/wp\/v2\/pages\/24869\/revisions\/28565"}],"wp:attachment":[{"href":"https:\/\/idepprivados.com\/index.php\/wp-json\/wp\/v2\/media?parent=24869"}],"curies":[{"name":"wp","href":"https:\/\/api.w.org\/{rel}","templated":true}]}}